{"id":69,"date":"2020-10-18T07:24:55","date_gmt":"2020-10-18T07:24:55","guid":{"rendered":"http:\/\/new.autotoldy.hu\/?page_id=69"},"modified":"2020-10-18T07:34:50","modified_gmt":"2020-10-18T07:34:50","slug":"szolgaltatasok","status":"publish","type":"page","link":"https:\/\/www.autotoldy.hu\/index.php\/szolgaltatasok\/","title":{"rendered":"Szolg\u00e1ltat\u00e1sok"},"content":{"rendered":"\n<p><strong>Az Aut\u00f3-Toldy Center Kft. egy m\u00e1rkaf\u00fcggetlen aut\u00f3szerviz, ami az al\u00e1bbi tejes k\u00f6r\u0171 szolg\u00e1ltat\u00e1sokkal \u00e1ll az \u00d6n\u00f6k rendelkez\u00e9s\u00e9re:<\/strong><\/p>\n\n\n\n<ul><li><strong>g\u00e9pj\u00e1rm\u0171 \u00e1tvizsg\u00e1l\u00e1s, \u00e1llapotfelm\u00e9r\u00e9s<\/strong><\/li><li><strong>motor \u00e9s fut\u00f3m\u0171 jav\u00edt\u00e1sa \u00e9s be\u00e1ll\u00edt\u00e1sa<\/strong><\/li><li><strong>sz\u00e1m\u00edt\u00f3g\u00e9pes motordiagnosztika<\/strong><\/li><li><strong>f\u00e9krendszerek jav\u00edt\u00e1sa, karbantart\u00e1sa<\/strong><\/li><li><strong>korm\u00e1nym\u0171vek karbantart\u00e1sa \u00e9s jav\u00edt\u00e1sa<\/strong><\/li><li><strong>gener\u00e1torok \u00e9s porlaszt\u00f3k nagynyom\u00e1s\u00fa szivatty\u00fak jav\u00edt\u00e1sa<\/strong><\/li><li><strong>l\u00f6kh\u00e1r\u00edt\u00f3jav\u00edt\u00e1s, m\u0171anyag &#8211; hegeszt\u00e9s.<\/strong><\/li><li><strong>kipufog\u00f3 jav\u00edt\u00e1sa \u00e9s cser\u00e9je<\/strong><\/li><li><strong>olajcsere rakt\u00e1rr\u00f3l.<\/strong><\/li><li><strong>akkumul\u00e1tor cser\u00e9je<\/strong><\/li><li><strong>l\u00e9gsz\u0171r\u0151, pollensz\u0171r\u0151 cser\u00e9je gombamentesit\u00e9s,<\/strong><strong> fert\u0151tlen\u00edt\u00e9s.<\/strong><\/li><li><strong>meghajt\u00f3 sz\u00edjak cser\u00e9je<\/strong><\/li><li><strong>sz\u00e9lv\u00e9d\u0151 cser\u00e9je<\/strong><\/li><li><strong>leng\u00e9scsillap\u00edt\u00f3 m\u00e9r\u00e9se, jav\u00edt\u00e1sa, cser\u00e9je.<\/strong><\/li><li><strong>vil\u00e1g\u00edt\u00e1s ellen\u0151rz\u00e9se, jav\u00edt\u00e1sa, cser\u00e9je<\/strong><\/li><li><strong>kl\u00edmatiszt\u00edt\u00e1s, karbantart\u00e1s, felt\u00f6lt\u00e9s, h\u0171t\u00e9s-f\u0171t\u00e9s rendszer<\/strong><strong> ellen\u0151rz\u00e9se,<\/strong><\/li><li><strong>gumi le \u00e9s felszerel\u00e9s ker\u00e9k- kiegyens\u00falyoz\u00e1s,<\/strong><\/li><li><strong>t\u00e9li\u2013ny\u00e1ri ker\u00e9k t\u00e1rol\u00e1s (ker\u00e9k panzi\u00f3)<\/strong><\/li><li><strong>s\u00e9r\u00fclt, karambolos aut\u00f3k karossz\u00e9ria jav\u00edt\u00e1sa, f\u00e9nyez\u00e9se<\/strong><strong> gy\u00e1ri min\u0151s\u00e9gben<\/strong><\/li><li><strong>k\u00e1rszemle, teljes k\u00f6r\u0171 \u00fcgyint\u00e9z\u00e9s, k\u00e1rbejelent\u00e9s a<\/strong><strong> helyszinen.<\/strong><\/li><li><strong>kedvez\u0151 \u00e1rakon kaphat\u00f3k alkatr\u00e9szek \u00e9s anyagok a<\/strong><strong> szervizhez \u00e9s a jav\u00edt\u00e1sokhoz<\/strong><\/li><\/ul>\n\n\n\n<p><strong><u>Minden elv\u00e9gzett jav\u00edt\u00e1sra \u00e9s \u00e1ltalunk adott anyagokra garanci\u00e1t v\u00e1llalunk!<\/u><\/strong><\/p>\n\n\n\n<p><strong>A hozott alkatr\u00e9szekre, anyagokra \u00e9s olajokra nem v\u00e1llalunk garanci\u00e1t.<\/strong><\/p>\n\n\n\n<p><strong>K\u00e9rje \u00e1raj\u00e1nlatunkat, gyors \u00e9s udvarias kiszolg\u00e1l\u00e1ssal \u00e1llunk az \u00d6n\u00f6k rendelkez\u00e9s\u00e9re.<\/strong><\/p>\n","protected":false},"excerpt":{"rendered":"<p>Az Aut\u00f3-Toldy Center Kft. egy m\u00e1rkaf\u00fcggetlen aut\u00f3szerviz, ami az al\u00e1bbi tejes k\u00f6r\u0171 szolg\u00e1ltat\u00e1sokkal \u00e1ll az \u00d6n\u00f6k rendelkez\u00e9s\u00e9re: g\u00e9pj\u00e1rm\u0171 \u00e1tvizsg\u00e1l\u00e1s, \u00e1llapotfelm\u00e9r\u00e9s motor \u00e9s fut\u00f3m\u0171 jav\u00edt\u00e1sa \u00e9s be\u00e1ll\u00edt\u00e1sa sz\u00e1m\u00edt\u00f3g\u00e9pes motordiagnosztika f\u00e9krendszerek jav\u00edt\u00e1sa, karbantart\u00e1sa korm\u00e1nym\u0171vek karbantart\u00e1sa \u00e9s jav\u00edt\u00e1sa gener\u00e1torok \u00e9s porlaszt\u00f3k nagynyom\u00e1s\u00fa szivatty\u00fak jav\u00edt\u00e1sa l\u00f6kh\u00e1r\u00edt\u00f3jav\u00edt\u00e1s, m\u0171anyag &#8211; hegeszt\u00e9s. kipufog\u00f3 jav\u00edt\u00e1sa \u00e9s cser\u00e9je olajcsere rakt\u00e1rr\u00f3l. akkumul\u00e1tor cser\u00e9je l\u00e9gsz\u0171r\u0151, pollensz\u0171r\u0151 &hellip; <\/p>\n<p class=\"link-more\"><a href=\"https:\/\/www.autotoldy.hu\/index.php\/szolgaltatasok\/\" class=\"more-link\"><span class=\"screen-reader-text\">&#8222;Szolg\u00e1ltat\u00e1sok&#8221;<\/span> b\u0151vebben<\/a><\/p>\n","protected":false},"author":1,"featured_media":43,"parent":0,"menu_order":0,"comment_status":"closed","ping_status":"closed","template":"","meta":[],"_links":{"self":[{"href":"https:\/\/www.autotoldy.hu\/index.php\/wp-json\/wp\/v2\/pages\/69"}],"collection":[{"href":"https:\/\/www.autotoldy.hu\/index.php\/wp-json\/wp\/v2\/pages"}],"about":[{"href":"https:\/\/www.autotoldy.hu\/index.php\/wp-json\/wp\/v2\/types\/page"}],"author":[{"embeddable":true,"href":"https:\/\/www.autotoldy.hu\/index.php\/wp-json\/wp\/v2\/users\/1"}],"replies":[{"embeddable":true,"href":"https:\/\/www.autotoldy.hu\/index.php\/wp-json\/wp\/v2\/comments?post=69"}],"version-history":[{"count":1,"href":"https:\/\/www.autotoldy.hu\/index.php\/wp-json\/wp\/v2\/pages\/69\/revisions"}],"predecessor-version":[{"id":71,"href":"https:\/\/www.autotoldy.hu\/index.php\/wp-json\/wp\/v2\/pages\/69\/revisions\/71"}],"wp:featuredmedia":[{"embeddable":true,"href":"https:\/\/www.autotoldy.hu\/index.php\/wp-json\/wp\/v2\/media\/43"}],"wp:attachment":[{"href":"https:\/\/www.autotoldy.hu\/index.php\/wp-json\/wp\/v2\/media?parent=69"}],"curies":[{"name":"wp","href":"https:\/\/api.w.org\/{rel}","templated":true}]}}