{"id":19,"date":"2020-10-18T07:11:03","date_gmt":"2020-10-18T07:11:03","guid":{"rendered":"http:\/\/new.autotoldy.hu\/?page_id=19"},"modified":"2021-08-18T04:55:00","modified_gmt":"2021-08-18T04:55:00","slug":"elerhetoseg","status":"publish","type":"page","link":"https:\/\/www.autotoldy.hu\/index.php\/elerhetoseg\/","title":{"rendered":"El\u00e9rhet\u0151s\u00e9g"},"content":{"rendered":"\n<p><strong>Aut\u00f3-Toldy Center Kft.<\/strong><\/p>\n\n\n\n<p>4030 Debrecen, Mikep\u00e9rcsi \u00fat 160-162.<\/p>\n\n\n\n<p>Nyitva tart\u00e1s: H\u00e9tf\u0151-P\u00e9ntek: 8:00-17:00-ig<\/p>\n\n\n\n<h2><iframe loading=\"lazy\" src=\"https:\/\/www.google.com\/maps\/embed?pb=!1m14!1m8!1m3!1d10782.745450661027!2d21.632046!3d47.496023!3m2!1i1024!2i768!4f13.1!3m3!1m2!1s0x0%3A0x7d1bac0e201c614f!2sAut%C3%B3%20Toldy%20Center%20Kft.!5e0!3m2!1shu!2shu!4v1603006856413!5m2!1shu!2shu\" style=\"border:0;\" allowfullscreen=\"\" aria-hidden=\"false\" tabindex=\"0\" width=\"600\" height=\"450\" frameborder=\"0\"><\/iframe><\/h2>\n\n\n\n<p><\/p>\n\n\n\n<p><\/p>\n\n\n\n<p>Tulajdonos, \u00fcgyvezet\u0151 igazgat\u00f3: Toldy Attila<br>E-mail: autotoldy(kukac)autotoldy.hu<\/p>\n\n\n\n<p>Gumiszerv\u00edz: Toldy Bal\u00e1zs<br>Mobil: +36-30 \/ 339-1413<br>E-mail: szerviz(kukac)autotoldy.hu<\/p>\n\n\n\n<p>Munkafelv\u00e9tel \/ Alkatr\u00e9sz \u00e9rt\u00e9kes\u00edt\u00e9s: Z\u00e1dor Szabolcs<br>Mobil: +36-30 \/ 943-1031<br>E-mail: szerviz(kukac)autotoldy.hu<\/p>\n\n\n\n<p><\/p>\n\n\n\n<p><strong>C\u00e9gadatok:<\/strong><br>Aut\u00f3-Toldy Center Kereskedelmi \u00e9s Szolg\u00e1ltat\u00f3 Korl\u00e1tolt Felel\u0151ss\u00e9g\u0171 T\u00e1rsas\u00e1g<br>Sz\u00e9khely: 4030 Debrecen, Mikep\u00e9rcsi \u00fat 160-162.<br>Ad\u00f3sz\u00e1m: 10405183-2-09<br>C\u00e9gjegyz\u00e9ksz\u00e1m: 09 09 000454<br>Vezetve a Debreceni T\u00f6rv\u00e9nysz\u00e9k C\u00e9gb\u00edr\u00f3s\u00e1ga nyilv\u00e1ntart\u00e1s\u00e1ban.<br><\/p>\n","protected":false},"excerpt":{"rendered":"<p>Aut\u00f3-Toldy Center Kft. 4030 Debrecen, Mikep\u00e9rcsi \u00fat 160-162. Nyitva tart\u00e1s: H\u00e9tf\u0151-P\u00e9ntek: 8:00-17:00-ig Tulajdonos, \u00fcgyvezet\u0151 igazgat\u00f3: Toldy AttilaE-mail: autotoldy(kukac)autotoldy.hu Gumiszerv\u00edz: Toldy Bal\u00e1zsMobil: +36-30 \/ 339-1413E-mail: szerviz(kukac)autotoldy.hu Munkafelv\u00e9tel \/ Alkatr\u00e9sz \u00e9rt\u00e9kes\u00edt\u00e9s: Z\u00e1dor SzabolcsMobil: +36-30 \/ 943-1031E-mail: szerviz(kukac)autotoldy.hu C\u00e9gadatok:Aut\u00f3-Toldy Center Kereskedelmi \u00e9s Szolg\u00e1ltat\u00f3 Korl\u00e1tolt Felel\u0151ss\u00e9g\u0171 T\u00e1rsas\u00e1gSz\u00e9khely: 4030 Debrecen, Mikep\u00e9rcsi \u00fat 160-162.Ad\u00f3sz\u00e1m: 10405183-2-09C\u00e9gjegyz\u00e9ksz\u00e1m: 09 09 000454Vezetve a Debreceni T\u00f6rv\u00e9nysz\u00e9k &hellip; <\/p>\n<p class=\"link-more\"><a href=\"https:\/\/www.autotoldy.hu\/index.php\/elerhetoseg\/\" class=\"more-link\"><span class=\"screen-reader-text\">&#8222;El\u00e9rhet\u0151s\u00e9g&#8221;<\/span> b\u0151vebben<\/a><\/p>\n","protected":false},"author":1,"featured_media":105,"parent":0,"menu_order":0,"comment_status":"closed","ping_status":"closed","template":"","meta":[],"_links":{"self":[{"href":"https:\/\/www.autotoldy.hu\/index.php\/wp-json\/wp\/v2\/pages\/19"}],"collection":[{"href":"https:\/\/www.autotoldy.hu\/index.php\/wp-json\/wp\/v2\/pages"}],"about":[{"href":"https:\/\/www.autotoldy.hu\/index.php\/wp-json\/wp\/v2\/types\/page"}],"author":[{"embeddable":true,"href":"https:\/\/www.autotoldy.hu\/index.php\/wp-json\/wp\/v2\/users\/1"}],"replies":[{"embeddable":true,"href":"https:\/\/www.autotoldy.hu\/index.php\/wp-json\/wp\/v2\/comments?post=19"}],"version-history":[{"count":6,"href":"https:\/\/www.autotoldy.hu\/index.php\/wp-json\/wp\/v2\/pages\/19\/revisions"}],"predecessor-version":[{"id":127,"href":"https:\/\/www.autotoldy.hu\/index.php\/wp-json\/wp\/v2\/pages\/19\/revisions\/127"}],"wp:featuredmedia":[{"embeddable":true,"href":"https:\/\/www.autotoldy.hu\/index.php\/wp-json\/wp\/v2\/media\/105"}],"wp:attachment":[{"href":"https:\/\/www.autotoldy.hu\/index.php\/wp-json\/wp\/v2\/media?parent=19"}],"curies":[{"name":"wp","href":"https:\/\/api.w.org\/{rel}","templated":true}]}}